{"id":2218,"date":"2023-08-24T05:12:28","date_gmt":"2023-08-24T03:12:28","guid":{"rendered":"https:\/\/vitorio.space\/?post_type=product&#038;p=2218"},"modified":"2024-02-07T18:01:18","modified_gmt":"2024-02-07T17:01:18","slug":"wp-40","status":"publish","type":"product","link":"https:\/\/vitorio.space\/?product=wp-40","title":{"rendered":"WP-40"},"content":{"rendered":"<h2><strong>Motobomba Lodera<\/strong><\/h2>\n<p style=\"text-align: left;\">Bomba para lodos a gasolina de 4 pulgadas de baja presi\u00f3n WP-40.<br \/>\nUna motobomba para lodos garantiza un rendimiento optimo en el dragado de mezclas complejas de l\u00edquidos y materiales solidos. Ofrecen una soluci\u00f3n rentable para el bombeo de los lodos desde los lugares de elaboraci\u00f3n, para operar de manera eficiente y segura.<br \/>\nLas caracter\u00edsticas especiales de las bombas para lodos por inmersi\u00f3n hacen que estos equipos sean perfectos para el sector industrial y minero.<\/p>\n<p><strong>Caracter\u00edsticas de la bomba de agua:<\/strong><br \/>\n1. Econ\u00f3mica, confiable y duradera.<br \/>\n2. F\u00e1cil de arrancar, OHV duradero, de alta calidad.<br \/>\n3. Alerta de aceite para apagar el motor autom\u00e1ticamente cuando se detecta bajo nivel de aceite.<br \/>\n4. Cuerpo de la bomba hecho de aleaci\u00f3n de aluminio liviana pero resistente.<br \/>\n5 Voluta e impulsor de hierro fundido.<br \/>\n6. Sellado mec\u00e1nico cer\u00e1mico de alta calidad.<br \/>\n7. M\u00e1x. elevaci\u00f3n de la bomba de 25, Max. la succi\u00f3n de 8m.<br \/>\n8. Certificaci\u00f3n CE, CSA, EPA, ISO9001:2000 aprobada 2023.<br \/>\n9. Un a\u00f1o o 500 horas de garant\u00eda.<br \/>\nCalidad confiable, precio razonable, servicio deseable.<\/p>\n<h2><strong>Caracter\u00edsticas\u00a0<\/strong><\/h2>\n<p>Tipo de bomba Traga s\u00f3lidos<br \/>\nDi\u00e1metro de succi\u00f3n \/ descarga: 4\u2033<br \/>\nAltura total m\u00e1xima: 25 M<br \/>\nAltura de succi\u00f3n m\u00e1xima: 8 M<br \/>\nCaudal m\u00e1ximo de salida: 1600 L\/MIN<br \/>\nTipo de motor: Monocil\u00edndrico<br \/>\nSistema de v\u00e1lvulas: 4-Tiempos, OHV<br \/>\nPotencia m\u00e1xima: 13 HP\/3600 RPM<\/p>\n","protected":false},"excerpt":{"rendered":"<p>Motobomba Lodera Bomba para lodos a gasolina de 4 pulgadas de baja presi\u00f3n WP-40. Una motobomba para lodos garantiza un rendimiento optimo en el dragado de mezclas complejas de l\u00edquidos y materiales solidos. Ofrecen una soluci\u00f3n rentable para el bombeo de los lodos desde los lugares de elaboraci\u00f3n, para operar de manera eficiente y segura. [&hellip;]<\/p>\n","protected":false},"featured_media":2200,"comment_status":"open","ping_status":"closed","template":"","meta":{"inline_featured_image":false},"product_cat":[78],"product_tag":[],"class_list":{"0":"post-2218","1":"product","2":"type-product","3":"status-publish","4":"has-post-thumbnail","6":"product_cat-motobomba","8":"first","9":"instock","10":"shipping-taxable","11":"product-type-simple"},"_links":{"self":[{"href":"https:\/\/vitorio.space\/index.php?rest_route=\/wp\/v2\/product\/2218","targetHints":{"allow":["GET"]}}],"collection":[{"href":"https:\/\/vitorio.space\/index.php?rest_route=\/wp\/v2\/product"}],"about":[{"href":"https:\/\/vitorio.space\/index.php?rest_route=\/wp\/v2\/types\/product"}],"replies":[{"embeddable":true,"href":"https:\/\/vitorio.space\/index.php?rest_route=%2Fwp%2Fv2%2Fcomments&post=2218"}],"wp:featuredmedia":[{"embeddable":true,"href":"https:\/\/vitorio.space\/index.php?rest_route=\/wp\/v2\/media\/2200"}],"wp:attachment":[{"href":"https:\/\/vitorio.space\/index.php?rest_route=%2Fwp%2Fv2%2Fmedia&parent=2218"}],"wp:term":[{"taxonomy":"product_cat","embeddable":true,"href":"https:\/\/vitorio.space\/index.php?rest_route=%2Fwp%2Fv2%2Fproduct_cat&post=2218"},{"taxonomy":"product_tag","embeddable":true,"href":"https:\/\/vitorio.space\/index.php?rest_route=%2Fwp%2Fv2%2Fproduct_tag&post=2218"}],"curies":[{"name":"wp","href":"https:\/\/api.w.org\/{rel}","templated":true}]}}