{"id":2219,"date":"2023-08-24T06:40:12","date_gmt":"2023-08-24T04:40:12","guid":{"rendered":"https:\/\/vitorio.space\/?post_type=product&#038;p=2219"},"modified":"2023-12-28T19:03:01","modified_gmt":"2023-12-28T18:03:01","slug":"vtc-200","status":"publish","type":"product","link":"https:\/\/vitorio.space\/?product=vtc-200","title":{"rendered":"VTC-200"},"content":{"rendered":"<h2><strong>Compresor de aire<\/strong><\/h2>\n<p>La L\u00ednea VTC representa la m\u00e1xima robustez y tecnolog\u00eda, asegurando que alcance los resultados de desempe\u00f1o m\u00e1s elevados. Su bloque de dos etapas de alta presi\u00f3n (175 lbf\/pulg) fabricado en hierro fundido brinda una combinaci\u00f3n insuperable de potencia y durabilidad, dise\u00f1ada para aplicaciones profesionales e industriales exigentes.<\/p>\n<p><strong>Caracter\u00edsticas del compresor de aire: <\/strong><\/p>\n<p>1. Econ\u00f3mico, confiable y duradero.<br \/>\n2. F\u00e1cil de arrancar y de alta calidad.<br \/>\n3. Volumen del tanque de aire, 200 L.<br \/>\n4. Presi\u00f3n de 175 lbf\/in\u00b2.<br \/>\n5. Certificaci\u00f3n CE, CSA, EPA, ISO9001 :2000 aprobado.<br \/>\n6. Uno a\u00f1o o 500 horas de garant\u00eda sobre nuestro sistema de motor Calidad confiable, precio razonable, servicio deseado.<\/p>\n<h2><strong>Datos t\u00e9cnicos\u00a0<\/strong><\/h2>\n<p>Desplazamiento te\u00f3rico (L\/MIN): 566<br \/>\nPotencia de motor (CV): 5<br \/>\nPotencia de motor (KW): 3,6<br \/>\nPresi\u00f3n m\u00e1xima de trabajo (BAR): 12<br \/>\nPresi\u00f3n m\u00e1xima de trabajo (LBF\/IN\u00b2): 175<br \/>\nPresi\u00f3n m\u00ednima de trabajo (BAR): 9,3<br \/>\nPresion m\u00ednima de trabajo (LBF\/IN\u00b2): 135<br \/>\nUnidad compresora &#8211; Numero de etapas: 2<br \/>\nUnidad compresora &#8211; Numero de pistones: 2-V<br \/>\nVolumen del deposito de aire (L): 183<\/p>\n","protected":false},"excerpt":{"rendered":"<p>Compresor de aire La L\u00ednea VTC representa la m\u00e1xima robustez y tecnolog\u00eda, asegurando que alcance los resultados de desempe\u00f1o m\u00e1s elevados. Su bloque de dos etapas de alta presi\u00f3n (175 lbf\/pulg) fabricado en hierro fundido brinda una combinaci\u00f3n insuperable de potencia y durabilidad, dise\u00f1ada para aplicaciones profesionales e industriales exigentes. Caracter\u00edsticas del compresor de aire: [&hellip;]<\/p>\n","protected":false},"featured_media":2205,"comment_status":"open","ping_status":"closed","template":"","meta":{"inline_featured_image":false},"product_cat":[80],"product_tag":[],"class_list":{"0":"post-2219","1":"product","2":"type-product","3":"status-publish","4":"has-post-thumbnail","6":"product_cat-compresores","8":"first","9":"instock","10":"shipping-taxable","11":"product-type-simple"},"_links":{"self":[{"href":"https:\/\/vitorio.space\/index.php?rest_route=\/wp\/v2\/product\/2219","targetHints":{"allow":["GET"]}}],"collection":[{"href":"https:\/\/vitorio.space\/index.php?rest_route=\/wp\/v2\/product"}],"about":[{"href":"https:\/\/vitorio.space\/index.php?rest_route=\/wp\/v2\/types\/product"}],"replies":[{"embeddable":true,"href":"https:\/\/vitorio.space\/index.php?rest_route=%2Fwp%2Fv2%2Fcomments&post=2219"}],"wp:featuredmedia":[{"embeddable":true,"href":"https:\/\/vitorio.space\/index.php?rest_route=\/wp\/v2\/media\/2205"}],"wp:attachment":[{"href":"https:\/\/vitorio.space\/index.php?rest_route=%2Fwp%2Fv2%2Fmedia&parent=2219"}],"wp:term":[{"taxonomy":"product_cat","embeddable":true,"href":"https:\/\/vitorio.space\/index.php?rest_route=%2Fwp%2Fv2%2Fproduct_cat&post=2219"},{"taxonomy":"product_tag","embeddable":true,"href":"https:\/\/vitorio.space\/index.php?rest_route=%2Fwp%2Fv2%2Fproduct_tag&post=2219"}],"curies":[{"name":"wp","href":"https:\/\/api.w.org\/{rel}","templated":true}]}}