{"id":2222,"date":"2023-08-24T06:43:18","date_gmt":"2023-08-24T04:43:18","guid":{"rendered":"https:\/\/vitorio.space\/?post_type=product&#038;p=2222"},"modified":"2023-12-28T18:53:34","modified_gmt":"2023-12-28T17:53:34","slug":"vtc-100","status":"publish","type":"product","link":"https:\/\/vitorio.space\/?product=vtc-100","title":{"rendered":"VTC-100"},"content":{"rendered":"<h2><strong>Compresor de aire<\/strong><\/h2>\n<p>La L\u00ednea VTC encarna la esencia de robustez y tecnolog\u00eda, garantizando el logro de los m\u00e1s sobresalientes niveles de rendimiento. Con una presi\u00f3n de 140 lbf\/pulg\u00b2, brinda una potencia ampliada para tareas t\u00e9cnicas y sostenidas. Adem\u00e1s, su estructura de hierro fundido asegura una durabilidad excepcional, ideal para aplicaciones profesionales e industriales de alto calibre.<\/p>\n<p><strong>Caracter\u00edsticas del compresor de aire: <\/strong><\/p>\n<p>1. Econ\u00f3mico, confiable y duradero.<br \/>\n2. F\u00e1cil de arrancar y de alta calidad.<br \/>\n3. Volumen del tanque de aire, 100 L.<br \/>\n4. Presi\u00f3n de 140 lbf\/in\u00b2.<br \/>\n5. Certificaci\u00f3n CE, CSA, EPA, ISO9001 :2000 aprobado.<br \/>\n6. Uno a\u00f1o o 500 horas de garant\u00eda sobre nuestro sistema de motor Calidad confiable, precio razonable, servicio deseado.<\/p>\n<h2><strong>Datos t\u00e9cnicos\u00a0<\/strong><\/h2>\n<p>Desplazamiento te\u00f3rico (PCM): 10<br \/>\nDesplazamiento te\u00f3rico (L\/MIN): 283<br \/>\nPotencia de motor (CV): 2<br \/>\nPotencia de motor (KW): 1,5<br \/>\nPresi\u00f3n m\u00e1xima de trabajo (BAR): 8,6<br \/>\nPresi\u00f3n m\u00e1xima de trabajo (LBF\/IN\u00b2): 125<br \/>\nPresi\u00f3n m\u00ednima de trabajo (BAR): 6,2<br \/>\nPresi\u00f3n m\u00ednima de trabajo (LBF\/IN\u00b2): 90<br \/>\nUnidad compresora &#8211; Numero de etapas: 1<br \/>\nUnidad compresora &#8211; Numero de pistones: 2-V<br \/>\nVolumen del deposito de aire (L): 93<\/p>\n","protected":false},"excerpt":{"rendered":"<p>Compresor de aire La L\u00ednea VTC encarna la esencia de robustez y tecnolog\u00eda, garantizando el logro de los m\u00e1s sobresalientes niveles de rendimiento. Con una presi\u00f3n de 140 lbf\/pulg\u00b2, brinda una potencia ampliada para tareas t\u00e9cnicas y sostenidas. Adem\u00e1s, su estructura de hierro fundido asegura una durabilidad excepcional, ideal para aplicaciones profesionales e industriales de [&hellip;]<\/p>\n","protected":false},"featured_media":2210,"comment_status":"open","ping_status":"closed","template":"","meta":{"inline_featured_image":false},"product_cat":[80],"product_tag":[],"class_list":{"0":"post-2222","1":"product","2":"type-product","3":"status-publish","4":"has-post-thumbnail","6":"product_cat-compresores","8":"first","9":"instock","10":"shipping-taxable","11":"product-type-simple"},"_links":{"self":[{"href":"https:\/\/vitorio.space\/index.php?rest_route=\/wp\/v2\/product\/2222","targetHints":{"allow":["GET"]}}],"collection":[{"href":"https:\/\/vitorio.space\/index.php?rest_route=\/wp\/v2\/product"}],"about":[{"href":"https:\/\/vitorio.space\/index.php?rest_route=\/wp\/v2\/types\/product"}],"replies":[{"embeddable":true,"href":"https:\/\/vitorio.space\/index.php?rest_route=%2Fwp%2Fv2%2Fcomments&post=2222"}],"wp:featuredmedia":[{"embeddable":true,"href":"https:\/\/vitorio.space\/index.php?rest_route=\/wp\/v2\/media\/2210"}],"wp:attachment":[{"href":"https:\/\/vitorio.space\/index.php?rest_route=%2Fwp%2Fv2%2Fmedia&parent=2222"}],"wp:term":[{"taxonomy":"product_cat","embeddable":true,"href":"https:\/\/vitorio.space\/index.php?rest_route=%2Fwp%2Fv2%2Fproduct_cat&post=2222"},{"taxonomy":"product_tag","embeddable":true,"href":"https:\/\/vitorio.space\/index.php?rest_route=%2Fwp%2Fv2%2Fproduct_tag&post=2222"}],"curies":[{"name":"wp","href":"https:\/\/api.w.org\/{rel}","templated":true}]}}