{"id":2234,"date":"2023-08-24T15:09:55","date_gmt":"2023-08-24T13:09:55","guid":{"rendered":"https:\/\/vitorio.space\/?post_type=product&#038;p=2234"},"modified":"2024-01-30T23:51:18","modified_gmt":"2024-01-30T22:51:18","slug":"sz-100","status":"publish","type":"product","link":"https:\/\/vitorio.space\/?product=sz-100","title":{"rendered":"WP-35"},"content":{"rendered":"<h2><strong>Motobomba de Alta Presi\u00f3n<\/strong><\/h2>\n<p style=\"text-align: left;\">Bomba de agua de alta presi\u00f3n para riego a gasolina de 2 pulgadas WP-35.<br \/>\nDise\u00f1ada con ingenio, esta maravilla tecnol\u00f3gica fusiona de manera elegante una potente bomba y un motor en una unidad compacta de alto rendimiento. Su prop\u00f3sito principal radica en el movimiento fluido, permitiendo desplazar l\u00edquidos diversos, desde agua cristalina, elevando su presi\u00f3n por encima de los niveles naturales de su fuente original.<\/p>\n<p><strong>Caracter\u00edsticas de la bomba de agua:<\/strong><br \/>\n1. Econ\u00f3mica, confiable y duradera.<br \/>\n2. F\u00e1cil de arrancar, OHV duradero, de alta calidad.<br \/>\n3. Alerta de aceite para apagar el motor autom\u00e1ticamente cuando se detecta bajo nivel de aceite.<br \/>\n4. Cuerpo de la bomba hecho de aleaci\u00f3n de aluminio liviana pero resistente.<br \/>\n5 Voluta e impulsor de hierro fundido.<br \/>\n6. Sellado mec\u00e1nico cer\u00e1mico de alta calidad.<br \/>\n7. M\u00e1x. elevaci\u00f3n de la bomba de 70, Max. la succi\u00f3n de 8m.<br \/>\n8. Certificaci\u00f3n CE, CSA, EPA, ISO9001:2000 aprobada 2023.<br \/>\n9. Un a\u00f1o o 500 horas de garant\u00eda.<br \/>\nCalidad confiable, precio razonable, servicio deseable.<\/p>\n<h2><strong>Caracter\u00edsticas\u00a0<\/strong><\/h2>\n<p>Modelo: VITORIO<br \/>\nPotencia de motor: 6,5 CV<br \/>\nDi\u00e1metro de succi\u00f3n: 2 Pulgadas<br \/>\nCaudal m\u00e1ximo: 583 L\/Min<br \/>\nAltura m\u00e1xima de succi\u00f3n: 8 Metros<br \/>\nAltura m\u00e1xima total: 70 Metros<br \/>\nCapacidad del tanque de combustible: 3,6 Litros<br \/>\nCapacidad del deposito de aceite: 0,6 Litros<br \/>\nTipo de combustible: GASOLINA<\/p>\n","protected":false},"excerpt":{"rendered":"<p>Motobomba de Alta Presi\u00f3n Bomba de agua de alta presi\u00f3n para riego a gasolina de 2 pulgadas WP-35. Dise\u00f1ada con ingenio, esta maravilla tecnol\u00f3gica fusiona de manera elegante una potente bomba y un motor en una unidad compacta de alto rendimiento. Su prop\u00f3sito principal radica en el movimiento fluido, permitiendo desplazar l\u00edquidos diversos, desde agua [&hellip;]<\/p>\n","protected":false},"featured_media":2203,"comment_status":"open","ping_status":"closed","template":"","meta":{"inline_featured_image":false},"product_cat":[78],"product_tag":[],"class_list":{"0":"post-2234","1":"product","2":"type-product","3":"status-publish","4":"has-post-thumbnail","6":"product_cat-motobomba","8":"first","9":"instock","10":"shipping-taxable","11":"product-type-simple"},"_links":{"self":[{"href":"https:\/\/vitorio.space\/index.php?rest_route=\/wp\/v2\/product\/2234","targetHints":{"allow":["GET"]}}],"collection":[{"href":"https:\/\/vitorio.space\/index.php?rest_route=\/wp\/v2\/product"}],"about":[{"href":"https:\/\/vitorio.space\/index.php?rest_route=\/wp\/v2\/types\/product"}],"replies":[{"embeddable":true,"href":"https:\/\/vitorio.space\/index.php?rest_route=%2Fwp%2Fv2%2Fcomments&post=2234"}],"wp:featuredmedia":[{"embeddable":true,"href":"https:\/\/vitorio.space\/index.php?rest_route=\/wp\/v2\/media\/2203"}],"wp:attachment":[{"href":"https:\/\/vitorio.space\/index.php?rest_route=%2Fwp%2Fv2%2Fmedia&parent=2234"}],"wp:term":[{"taxonomy":"product_cat","embeddable":true,"href":"https:\/\/vitorio.space\/index.php?rest_route=%2Fwp%2Fv2%2Fproduct_cat&post=2234"},{"taxonomy":"product_tag","embeddable":true,"href":"https:\/\/vitorio.space\/index.php?rest_route=%2Fwp%2Fv2%2Fproduct_tag&post=2234"}],"curies":[{"name":"wp","href":"https:\/\/api.w.org\/{rel}","templated":true}]}}