{"id":2302,"date":"2023-09-27T17:29:05","date_gmt":"2023-09-27T15:29:05","guid":{"rendered":"https:\/\/vitorio.space\/?post_type=product&#038;p=2302"},"modified":"2024-01-30T23:00:17","modified_gmt":"2024-01-30T22:00:17","slug":"ld-46","status":"publish","type":"product","link":"https:\/\/vitorio.space\/?product=ld-46","title":{"rendered":"LD-46"},"content":{"rendered":"<h2><strong>Motosierra<\/strong><\/h2>\n<p style=\"text-align: left;\">Motosierra para trabajo pesado a mezcla LD-46.<br \/>\nNuestra motosierra es la compa\u00f1era ideal para cualquier tarea que implique cortar, desde proyectos de construcci\u00f3n hasta trabajos de jardiner\u00eda y mantenimiento del paisaje. Su dise\u00f1o vers\u00e1til y potente te permitir\u00e1 realizar tus tareas con rapidez y precisi\u00f3n.<\/p>\n<p><strong>Caracter\u00edsticas de la motosierra:<\/strong><br \/>\n1. Econ\u00f3mica, confiable y duradera.<br \/>\n2. Alerta de aceite para apagar el motor autom\u00e1ticamente cuando se detecta bajo nivel de aceite.<br \/>\n3. Cuerpo de la bomba hecho de aleaci\u00f3n de aluminio liviana pero resistente.<br \/>\n4. Un a\u00f1o o 500 horas de garant\u00eda.<br \/>\nCalidad confiable, precio razonable, servicio deseable.<\/p>\n<h2><strong>Caracter\u00edsticas\u00a0<\/strong><\/h2>\n<p>MODELO: LD-46<br \/>\nMOTOR: 7,1 CV<br \/>\nCAPACIDAD DEL CILINDRO: 91.6 CC<br \/>\nESPADA: 30&#8243;<br \/>\nREVOLUCIONES: 13000 RPM<br \/>\nPESO DE CADENA: 42-D3\/8<br \/>\nESPESOR DE ENLACE: 1.6 MM<br \/>\nCAPACIDAD DEL TANQUE DE COMBUSTIBLE (LITROS): 0,84 litros<br \/>\nTIPO DE COMBUSTIBLE: MEZCLA<br \/>\nPESO: 6.9 KG<\/p>\n","protected":false},"excerpt":{"rendered":"<p>Motosierra Motosierra para trabajo pesado a mezcla LD-46. Nuestra motosierra es la compa\u00f1era ideal para cualquier tarea que implique cortar, desde proyectos de construcci\u00f3n hasta trabajos de jardiner\u00eda y mantenimiento del paisaje. Su dise\u00f1o vers\u00e1til y potente te permitir\u00e1 realizar tus tareas con rapidez y precisi\u00f3n. Caracter\u00edsticas de la motosierra: 1. Econ\u00f3mica, confiable y duradera. [&hellip;]<\/p>\n","protected":false},"featured_media":2300,"comment_status":"open","ping_status":"closed","template":"","meta":{"inline_featured_image":false},"product_cat":[83],"product_tag":[],"class_list":{"0":"post-2302","1":"product","2":"type-product","3":"status-publish","4":"has-post-thumbnail","6":"product_cat-motosierra","8":"first","9":"instock","10":"shipping-taxable","11":"product-type-simple"},"_links":{"self":[{"href":"https:\/\/vitorio.space\/index.php?rest_route=\/wp\/v2\/product\/2302","targetHints":{"allow":["GET"]}}],"collection":[{"href":"https:\/\/vitorio.space\/index.php?rest_route=\/wp\/v2\/product"}],"about":[{"href":"https:\/\/vitorio.space\/index.php?rest_route=\/wp\/v2\/types\/product"}],"replies":[{"embeddable":true,"href":"https:\/\/vitorio.space\/index.php?rest_route=%2Fwp%2Fv2%2Fcomments&post=2302"}],"wp:featuredmedia":[{"embeddable":true,"href":"https:\/\/vitorio.space\/index.php?rest_route=\/wp\/v2\/media\/2300"}],"wp:attachment":[{"href":"https:\/\/vitorio.space\/index.php?rest_route=%2Fwp%2Fv2%2Fmedia&parent=2302"}],"wp:term":[{"taxonomy":"product_cat","embeddable":true,"href":"https:\/\/vitorio.space\/index.php?rest_route=%2Fwp%2Fv2%2Fproduct_cat&post=2302"},{"taxonomy":"product_tag","embeddable":true,"href":"https:\/\/vitorio.space\/index.php?rest_route=%2Fwp%2Fv2%2Fproduct_tag&post=2302"}],"curies":[{"name":"wp","href":"https:\/\/api.w.org\/{rel}","templated":true}]}}