{"id":2306,"date":"2023-10-12T15:17:05","date_gmt":"2023-10-12T13:17:05","guid":{"rendered":"https:\/\/vitorio.space\/?post_type=product&#038;p=2306"},"modified":"2023-12-28T18:35:54","modified_gmt":"2023-12-28T17:35:54","slug":"mv-73","status":"publish","type":"product","link":"https:\/\/vitorio.space\/?product=mv-73","title":{"rendered":"MV-73"},"content":{"rendered":"<h2><strong>Motosierra<\/strong><\/h2>\n<p style=\"text-align: left;\">Motosierra para trabajo pesado a mezcla MV-73.<br \/>\nNuestra motosierra es la compa\u00f1era ideal para cualquier tarea que implique cortar, desde proyectos de construcci\u00f3n hasta trabajos de jardiner\u00eda y mantenimiento del paisaje. Su dise\u00f1o vers\u00e1til y potente te permitir\u00e1 realizar tus tareas con rapidez y precisi\u00f3n.<\/p>\n<p><strong>Caracter\u00edsticas de la motosierra:<\/strong><br \/>\n1. Econ\u00f3mica, confiable y duradera.<br \/>\n2. Alerta de aceite para apagar el motor autom\u00e1ticamente cuando se detecta bajo nivel de aceite.<br \/>\n3. Cuerpo de la bomba hecho de aleaci\u00f3n de aluminio liviana pero resistente.<br \/>\n4. Un a\u00f1o o 500 horas de garant\u00eda.<br \/>\nCalidad confiable, precio razonable, servicio deseable.<\/p>\n<p><strong>Caracter\u00edsticas<br \/>\n<\/strong>Modelo: MV-73<br \/>\nPotencia de motor: 5.3 CV<br \/>\nCapacidad del cilindro: 73 CC<br \/>\nEspada: 63 cm\/DUROMATIC<br \/>\nRevoluciones: 3200 RPM<br \/>\nVibraci\u00f3n (Izq-Der): 5.4 (M\/S \u00b42)<br \/>\nRelaci\u00f3n peso\/potencia: 1.23 KG\/CV<br \/>\nPaso cadena: 3\/8&#8243;<br \/>\nPresi\u00f3n ac\u00fastica: 10 DB (A)<br \/>\nTipo de combustible: MEZCLA<br \/>\nPeso: 6.5 KG<\/p>\n","protected":false},"excerpt":{"rendered":"<p>Motosierra Motosierra para trabajo pesado a mezcla MV-73. Nuestra motosierra es la compa\u00f1era ideal para cualquier tarea que implique cortar, desde proyectos de construcci\u00f3n hasta trabajos de jardiner\u00eda y mantenimiento del paisaje. Su dise\u00f1o vers\u00e1til y potente te permitir\u00e1 realizar tus tareas con rapidez y precisi\u00f3n. Caracter\u00edsticas de la motosierra: 1. Econ\u00f3mica, confiable y duradera. [&hellip;]<\/p>\n","protected":false},"featured_media":2305,"comment_status":"open","ping_status":"closed","template":"","meta":{"inline_featured_image":false},"product_cat":[83],"product_tag":[],"class_list":{"0":"post-2306","1":"product","2":"type-product","3":"status-publish","4":"has-post-thumbnail","6":"product_cat-motosierra","8":"first","9":"instock","10":"shipping-taxable","11":"product-type-simple"},"_links":{"self":[{"href":"https:\/\/vitorio.space\/index.php?rest_route=\/wp\/v2\/product\/2306","targetHints":{"allow":["GET"]}}],"collection":[{"href":"https:\/\/vitorio.space\/index.php?rest_route=\/wp\/v2\/product"}],"about":[{"href":"https:\/\/vitorio.space\/index.php?rest_route=\/wp\/v2\/types\/product"}],"replies":[{"embeddable":true,"href":"https:\/\/vitorio.space\/index.php?rest_route=%2Fwp%2Fv2%2Fcomments&post=2306"}],"wp:featuredmedia":[{"embeddable":true,"href":"https:\/\/vitorio.space\/index.php?rest_route=\/wp\/v2\/media\/2305"}],"wp:attachment":[{"href":"https:\/\/vitorio.space\/index.php?rest_route=%2Fwp%2Fv2%2Fmedia&parent=2306"}],"wp:term":[{"taxonomy":"product_cat","embeddable":true,"href":"https:\/\/vitorio.space\/index.php?rest_route=%2Fwp%2Fv2%2Fproduct_cat&post=2306"},{"taxonomy":"product_tag","embeddable":true,"href":"https:\/\/vitorio.space\/index.php?rest_route=%2Fwp%2Fv2%2Fproduct_tag&post=2306"}],"curies":[{"name":"wp","href":"https:\/\/api.w.org\/{rel}","templated":true}]}}