{"id":2307,"date":"2023-10-19T16:33:58","date_gmt":"2023-10-19T14:33:58","guid":{"rendered":"https:\/\/vitorio.space\/?post_type=product&#038;p=2307"},"modified":"2024-02-01T17:48:58","modified_gmt":"2024-02-01T16:48:58","slug":"desbrozadora-vd-120","status":"publish","type":"product","link":"https:\/\/vitorio.space\/?product=desbrozadora-vd-120","title":{"rendered":"Desbrozadora VD-120"},"content":{"rendered":"<h2><strong>Desbrozadora<\/strong><\/h2>\n<p>Desbrozadora profesional potente, de bajo peso y excelente balance. Tanque de combustible manual para facilitar el arranque. Empu\u00f1adura doble ajustable sin herramientas, empu\u00f1adura multifuncional, recomendada para matorrales resistentes y aclarar arbustos nudosos.<\/p>\n<h2><strong>Caracter\u00edsticas<\/strong><\/h2>\n<p>Marca: Vitorio<br \/>\nModelo: VD-120<br \/>\nProcedencia: italiana<br \/>\nMotor: 2 tiempos<br \/>\nPotencia: 2,8 hp<br \/>\nRevoluci\u00f3n: 12.500<br \/>\nCilindro: 39 cc<br \/>\nTama\u00f1o: 1,80 m<br \/>\nGarant\u00eda 3 a\u00f1os<\/p>\n<p>&nbsp;<\/p>\n","protected":false},"excerpt":{"rendered":"<p>Desbrozadora Desbrozadora profesional potente, de bajo peso y excelente balance. Tanque de combustible manual para facilitar el arranque. Empu\u00f1adura doble ajustable sin herramientas, empu\u00f1adura multifuncional, recomendada para matorrales resistentes y aclarar arbustos nudosos. Caracter\u00edsticas Marca: Vitorio Modelo: VD-120 Procedencia: italiana Motor: 2 tiempos Potencia: 2,8 hp Revoluci\u00f3n: 12.500 Cilindro: 39 cc Tama\u00f1o: 1,80 m Garant\u00eda [&hellip;]<\/p>\n","protected":false},"featured_media":2338,"comment_status":"open","ping_status":"closed","template":"","meta":{"inline_featured_image":false},"product_cat":[84],"product_tag":[],"class_list":{"0":"post-2307","1":"product","2":"type-product","3":"status-publish","4":"has-post-thumbnail","6":"product_cat-debrozadora","8":"first","9":"instock","10":"shipping-taxable","11":"product-type-simple"},"_links":{"self":[{"href":"https:\/\/vitorio.space\/index.php?rest_route=\/wp\/v2\/product\/2307","targetHints":{"allow":["GET"]}}],"collection":[{"href":"https:\/\/vitorio.space\/index.php?rest_route=\/wp\/v2\/product"}],"about":[{"href":"https:\/\/vitorio.space\/index.php?rest_route=\/wp\/v2\/types\/product"}],"replies":[{"embeddable":true,"href":"https:\/\/vitorio.space\/index.php?rest_route=%2Fwp%2Fv2%2Fcomments&post=2307"}],"wp:featuredmedia":[{"embeddable":true,"href":"https:\/\/vitorio.space\/index.php?rest_route=\/wp\/v2\/media\/2338"}],"wp:attachment":[{"href":"https:\/\/vitorio.space\/index.php?rest_route=%2Fwp%2Fv2%2Fmedia&parent=2307"}],"wp:term":[{"taxonomy":"product_cat","embeddable":true,"href":"https:\/\/vitorio.space\/index.php?rest_route=%2Fwp%2Fv2%2Fproduct_cat&post=2307"},{"taxonomy":"product_tag","embeddable":true,"href":"https:\/\/vitorio.space\/index.php?rest_route=%2Fwp%2Fv2%2Fproduct_tag&post=2307"}],"curies":[{"name":"wp","href":"https:\/\/api.w.org\/{rel}","templated":true}]}}