{"id":2310,"date":"2023-10-19T16:50:36","date_gmt":"2023-10-19T14:50:36","guid":{"rendered":"https:\/\/vitorio.space\/?post_type=product&#038;p=2310"},"modified":"2024-01-30T23:48:58","modified_gmt":"2024-01-30T22:48:58","slug":"wp-50","status":"publish","type":"product","link":"https:\/\/vitorio.space\/?product=wp-50","title":{"rendered":"WP-50"},"content":{"rendered":"<h2><strong>Motobomba de Caudal<\/strong><\/h2>\n<p style=\"text-align: left;\">Bomba de agua para riego a gasolina de 2 pulgadas de baja presi\u00f3n WP-50.<br \/>\nUna motobomba de caudal es un dispositivo mec\u00e1nico que combina un motor (generalmente un motor de combusti\u00f3n interna) con una bomba para mover l\u00edquidos de un lugar a otro. Estas bombas son utilizadas para transferir grandes vol\u00famenes de l\u00edquidos, como agua u otros fluidos, de un punto a otro de manera eficiente y r\u00e1pida.<\/p>\n<p><strong>Caracter\u00edsticas de la bomba de agua:<\/strong><br \/>\n1. Econ\u00f3mica, confiable y duradera.<br \/>\n2. F\u00e1cil de arrancar, OHV duradero, de alta calidad.<br \/>\n3. Alerta de aceite para apagar el motor autom\u00e1ticamente cuando se detecta bajo nivel de aceite.<br \/>\n4. Cuerpo de la bomba hecho de aleaci\u00f3n de aluminio liviana pero resistente.<br \/>\n5 Voluta e impulsor de hierro fundido.<br \/>\n6. Sellado mec\u00e1nico cer\u00e1mico de alta calidad.<br \/>\n7. M\u00e1x. elevaci\u00f3n de la bomba de 36, Max. la succi\u00f3n de 7m.<br \/>\n8. Certificaci\u00f3n CE, CSA, EPA, ISO9001:2000 aprobada 2023.<br \/>\n9. Un a\u00f1o o 500 horas de garant\u00eda.<br \/>\nCalidad confiable, precio razonable, servicio deseable.<\/p>\n<h2><strong>Caracter\u00edsticas\u00a0<\/strong><\/h2>\n<p>Potencia de motor: 6,5 CV<br \/>\nDi\u00e1metro de succi\u00f3n: 2 PULGADAS<br \/>\nCaudal m\u00e1ximo: 1.200 L\/min<br \/>\nAltura m\u00e1xima de succi\u00f3n: 7 METROS<br \/>\nAltura m\u00e1xima total: 36 METROS<br \/>\nCapacidad del tanque de combustible: 3,6 litros<br \/>\nCapacidad del deposito de aceite: 0,6 litros<br \/>\nTipo de combustible: GASOLINA<\/p>\n","protected":false},"excerpt":{"rendered":"<p>Motobomba de Caudal Bomba de agua para riego a gasolina de 2 pulgadas de baja presi\u00f3n WP-50. Una motobomba de caudal es un dispositivo mec\u00e1nico que combina un motor (generalmente un motor de combusti\u00f3n interna) con una bomba para mover l\u00edquidos de un lugar a otro. Estas bombas son utilizadas para transferir grandes vol\u00famenes de [&hellip;]<\/p>\n","protected":false},"featured_media":2204,"comment_status":"open","ping_status":"closed","template":"","meta":{"inline_featured_image":false},"product_cat":[78],"product_tag":[],"class_list":{"0":"post-2310","1":"product","2":"type-product","3":"status-publish","4":"has-post-thumbnail","6":"product_cat-motobomba","8":"first","9":"instock","10":"shipping-taxable","11":"product-type-simple"},"_links":{"self":[{"href":"https:\/\/vitorio.space\/index.php?rest_route=\/wp\/v2\/product\/2310","targetHints":{"allow":["GET"]}}],"collection":[{"href":"https:\/\/vitorio.space\/index.php?rest_route=\/wp\/v2\/product"}],"about":[{"href":"https:\/\/vitorio.space\/index.php?rest_route=\/wp\/v2\/types\/product"}],"replies":[{"embeddable":true,"href":"https:\/\/vitorio.space\/index.php?rest_route=%2Fwp%2Fv2%2Fcomments&post=2310"}],"wp:featuredmedia":[{"embeddable":true,"href":"https:\/\/vitorio.space\/index.php?rest_route=\/wp\/v2\/media\/2204"}],"wp:attachment":[{"href":"https:\/\/vitorio.space\/index.php?rest_route=%2Fwp%2Fv2%2Fmedia&parent=2310"}],"wp:term":[{"taxonomy":"product_cat","embeddable":true,"href":"https:\/\/vitorio.space\/index.php?rest_route=%2Fwp%2Fv2%2Fproduct_cat&post=2310"},{"taxonomy":"product_tag","embeddable":true,"href":"https:\/\/vitorio.space\/index.php?rest_route=%2Fwp%2Fv2%2Fproduct_tag&post=2310"}],"curies":[{"name":"wp","href":"https:\/\/api.w.org\/{rel}","templated":true}]}}