{"id":2313,"date":"2023-11-21T17:39:26","date_gmt":"2023-11-21T16:39:26","guid":{"rendered":"https:\/\/vitorio.space\/?post_type=product&#038;p=2313"},"modified":"2023-12-28T22:21:51","modified_gmt":"2023-12-28T21:21:51","slug":"fm-20l","status":"publish","type":"product","link":"https:\/\/vitorio.space\/?product=fm-20l","title":{"rendered":"FM-20L"},"content":{"rendered":"<p>La mochila pulverizadora es un equipo manual usado para realizar aplicaciones eficientes en cultivos de peque\u00f1a extensi\u00f3n. Por su car\u00e1cter port\u00e1til es de manejo pr\u00e1ctico, pero ello no descarta el cuidado al calibrarla. El equipo es un dep\u00f3sito fijado a la espalda del operario por dos correas.<\/p>\n<h3>CARACTER\u00cdSTICAS:<\/h3>\n<p>Tipo de motor: VITORIO A PRESI\u00d3N<br \/>\nModelo: FM-20L<br \/>\nProcedencia: Italiana<br \/>\nTipo: Mochila Pulverizadora<br \/>\nCapacidad: 20L (5.2 gal)<br \/>\nFuncionamiento de Mochila: 0.2-0.3 MPA<br \/>\nFuncionamiento recorrido: 60-80mm<br \/>\nDi\u00e1metro del cuenco: 40 mm<br \/>\nPeso neto: 2.8-3.0 Kg<\/p>\n","protected":false},"excerpt":{"rendered":"<p>La mochila pulverizadora es un equipo manual usado para realizar aplicaciones eficientes en cultivos de peque\u00f1a extensi\u00f3n. Por su car\u00e1cter port\u00e1til es de manejo pr\u00e1ctico, pero ello no descarta el cuidado al calibrarla. El equipo es un dep\u00f3sito fijado a la espalda del operario por dos correas. CARACTER\u00cdSTICAS: Tipo de motor: VITORIO A PRESI\u00d3N Modelo: [&hellip;]<\/p>\n","protected":false},"featured_media":2339,"comment_status":"open","ping_status":"closed","template":"","meta":{"inline_featured_image":false},"product_cat":[85],"product_tag":[],"class_list":{"0":"post-2313","1":"product","2":"type-product","3":"status-publish","4":"has-post-thumbnail","6":"product_cat-mochila-fumigadora","8":"first","9":"instock","10":"shipping-taxable","11":"product-type-simple"},"_links":{"self":[{"href":"https:\/\/vitorio.space\/index.php?rest_route=\/wp\/v2\/product\/2313","targetHints":{"allow":["GET"]}}],"collection":[{"href":"https:\/\/vitorio.space\/index.php?rest_route=\/wp\/v2\/product"}],"about":[{"href":"https:\/\/vitorio.space\/index.php?rest_route=\/wp\/v2\/types\/product"}],"replies":[{"embeddable":true,"href":"https:\/\/vitorio.space\/index.php?rest_route=%2Fwp%2Fv2%2Fcomments&post=2313"}],"wp:featuredmedia":[{"embeddable":true,"href":"https:\/\/vitorio.space\/index.php?rest_route=\/wp\/v2\/media\/2339"}],"wp:attachment":[{"href":"https:\/\/vitorio.space\/index.php?rest_route=%2Fwp%2Fv2%2Fmedia&parent=2313"}],"wp:term":[{"taxonomy":"product_cat","embeddable":true,"href":"https:\/\/vitorio.space\/index.php?rest_route=%2Fwp%2Fv2%2Fproduct_cat&post=2313"},{"taxonomy":"product_tag","embeddable":true,"href":"https:\/\/vitorio.space\/index.php?rest_route=%2Fwp%2Fv2%2Fproduct_tag&post=2313"}],"curies":[{"name":"wp","href":"https:\/\/api.w.org\/{rel}","templated":true}]}}