{"id":2319,"date":"2023-12-13T01:39:26","date_gmt":"2023-12-13T00:39:26","guid":{"rendered":"https:\/\/vitorio.space\/?post_type=product&#038;p=2319"},"modified":"2024-02-01T16:37:06","modified_gmt":"2024-02-01T15:37:06","slug":"desbrozadora-vd-100","status":"publish","type":"product","link":"https:\/\/vitorio.space\/?product=desbrozadora-vd-100","title":{"rendered":"Desbrozadora VD-100"},"content":{"rendered":"<h2><strong>Desbrozadora Antivibraci\u00f3n<\/strong><\/h2>\n<p>Desbrozadora profesional potente, de bajo peso y excelente balance. Tanque de combustible manual para facilitar el arranque. Sistema antivibraci\u00f3n, empu\u00f1adura doble ajustable sin herramientas, empu\u00f1adura multifuncional, recomendada para matorrales resistentes y aclarar arbustos nudosos.<\/p>\n<h2><strong>Caracter\u00edsticas<\/strong><\/h2>\n<p>Marca: Vitorio<br \/>\nModelo: VD &#8211; 100<br \/>\nProcedencia: Italiana<br \/>\nMotor: 2 tiempos<br \/>\nPotencia: 2,8 HP\/CV.<br \/>\nRevoluci\u00f3n: 12.500 rpm<br \/>\nCilindro: 39 cc<br \/>\nTama\u00f1o: 1,85 m<br \/>\nCombustible\/ mezcla: Gasolina<\/p>\n<p>Garant\u00eda 3 a\u00f1os<\/p>\n<p>&nbsp;<\/p>\n","protected":false},"excerpt":{"rendered":"<p>Desbrozadora Antivibraci\u00f3n Desbrozadora profesional potente, de bajo peso y excelente balance. Tanque de combustible manual para facilitar el arranque. Sistema antivibraci\u00f3n, empu\u00f1adura doble ajustable sin herramientas, empu\u00f1adura multifuncional, recomendada para matorrales resistentes y aclarar arbustos nudosos. Caracter\u00edsticas Marca: Vitorio Modelo: VD &#8211; 100 Procedencia: Italiana Motor: 2 tiempos Potencia: 2,8 HP\/CV. Revoluci\u00f3n: 12.500 rpm Cilindro: [&hellip;]<\/p>\n","protected":false},"featured_media":2343,"comment_status":"open","ping_status":"closed","template":"","meta":{"inline_featured_image":false},"product_cat":[84],"product_tag":[],"class_list":{"0":"post-2319","1":"product","2":"type-product","3":"status-publish","4":"has-post-thumbnail","6":"product_cat-debrozadora","8":"first","9":"instock","10":"shipping-taxable","11":"product-type-simple"},"_links":{"self":[{"href":"https:\/\/vitorio.space\/index.php?rest_route=\/wp\/v2\/product\/2319","targetHints":{"allow":["GET"]}}],"collection":[{"href":"https:\/\/vitorio.space\/index.php?rest_route=\/wp\/v2\/product"}],"about":[{"href":"https:\/\/vitorio.space\/index.php?rest_route=\/wp\/v2\/types\/product"}],"replies":[{"embeddable":true,"href":"https:\/\/vitorio.space\/index.php?rest_route=%2Fwp%2Fv2%2Fcomments&post=2319"}],"wp:featuredmedia":[{"embeddable":true,"href":"https:\/\/vitorio.space\/index.php?rest_route=\/wp\/v2\/media\/2343"}],"wp:attachment":[{"href":"https:\/\/vitorio.space\/index.php?rest_route=%2Fwp%2Fv2%2Fmedia&parent=2319"}],"wp:term":[{"taxonomy":"product_cat","embeddable":true,"href":"https:\/\/vitorio.space\/index.php?rest_route=%2Fwp%2Fv2%2Fproduct_cat&post=2319"},{"taxonomy":"product_tag","embeddable":true,"href":"https:\/\/vitorio.space\/index.php?rest_route=%2Fwp%2Fv2%2Fproduct_tag&post=2319"}],"curies":[{"name":"wp","href":"https:\/\/api.w.org\/{rel}","templated":true}]}}