{"id":2342,"date":"2023-12-28T23:27:11","date_gmt":"2023-12-28T22:27:11","guid":{"rendered":"https:\/\/vitorio.space\/?post_type=product&#038;p=2342"},"modified":"2023-12-29T22:06:10","modified_gmt":"2023-12-29T21:06:10","slug":"motocultor","status":"publish","type":"product","link":"https:\/\/vitorio.space\/?product=motocultor","title":{"rendered":"Motocultor a Diesel 9 HP"},"content":{"rendered":"<h2><strong>Motocultor a\u00a0<\/strong><b>Diesel<\/b><\/h2>\n<p style=\"text-align: left;\">El motocultor se puede considerar como un tractor de un solo eje, que se conduce a pie mediante unos brazos, al que se puede acoplar implementos agr\u00edcolas diferentes.<br \/>\nLa funci\u00f3n principal es le trabajo del suelo, por lo que su dise\u00f1o viene condicionado para seguir las mejores prestaciones en esta operaci\u00f3n, habitualmente realizada mediante azadas rotativas &#8220;rotocultor&#8221; integradas en el apero.<\/p>\n<p><strong>Caracter\u00edsticas del motocultor a diesel:<\/strong><br \/>\n1. Econ\u00f3mica, confiable y duradera.<br \/>\n2. F\u00e1cil de arrancar, OHV duradero, de alta calidad.<br \/>\n3. Alerta de aceite para apagar el motor autom\u00e1ticamente cuando se detecta bajo nivel de aceite.<br \/>\n4. Motor a diesel que desarrolla una potencia incre\u00edble de 9 HP<br \/>\n5. Sellado mec\u00e1nico de alta calidad.<br \/>\n6. Certificaci\u00f3n CE, CSA, EPA, ISO9001:2000 aprobada 2023.<br \/>\n7. Un a\u00f1o o 500 horas de garant\u00eda.<br \/>\nCalidad confiable, precio razonable, servicio deseable.<\/p>\n<h3>Caracter\u00edsticas<\/h3>\n<p>Potencia de motor: 9 HP<br \/>\nSistema de encendido: El\u00e9ctrico con bater\u00eda<br \/>\nProfundidad de trabajo: 100 mm<br \/>\nAncho de trabajo: 1350 mm<br \/>\nProductividad: 400 m2\/H<br \/>\nConsumo de combustible: 1.556 KG\/H<br \/>\nTipo de combustible: DIESEL<\/p>\n","protected":false},"excerpt":{"rendered":"<p>Motocultor a\u00a0Diesel El motocultor se puede considerar como un tractor de un solo eje, que se conduce a pie mediante unos brazos, al que se puede acoplar implementos agr\u00edcolas diferentes. La funci\u00f3n principal es le trabajo del suelo, por lo que su dise\u00f1o viene condicionado para seguir las mejores prestaciones en esta operaci\u00f3n, habitualmente realizada [&hellip;]<\/p>\n","protected":false},"featured_media":2344,"comment_status":"open","ping_status":"closed","template":"","meta":{"inline_featured_image":false},"product_cat":[86],"product_tag":[],"class_list":{"0":"post-2342","1":"product","2":"type-product","3":"status-publish","4":"has-post-thumbnail","6":"product_cat-motocultor","8":"first","9":"instock","10":"shipping-taxable","11":"product-type-simple"},"_links":{"self":[{"href":"https:\/\/vitorio.space\/index.php?rest_route=\/wp\/v2\/product\/2342","targetHints":{"allow":["GET"]}}],"collection":[{"href":"https:\/\/vitorio.space\/index.php?rest_route=\/wp\/v2\/product"}],"about":[{"href":"https:\/\/vitorio.space\/index.php?rest_route=\/wp\/v2\/types\/product"}],"replies":[{"embeddable":true,"href":"https:\/\/vitorio.space\/index.php?rest_route=%2Fwp%2Fv2%2Fcomments&post=2342"}],"wp:featuredmedia":[{"embeddable":true,"href":"https:\/\/vitorio.space\/index.php?rest_route=\/wp\/v2\/media\/2344"}],"wp:attachment":[{"href":"https:\/\/vitorio.space\/index.php?rest_route=%2Fwp%2Fv2%2Fmedia&parent=2342"}],"wp:term":[{"taxonomy":"product_cat","embeddable":true,"href":"https:\/\/vitorio.space\/index.php?rest_route=%2Fwp%2Fv2%2Fproduct_cat&post=2342"},{"taxonomy":"product_tag","embeddable":true,"href":"https:\/\/vitorio.space\/index.php?rest_route=%2Fwp%2Fv2%2Fproduct_tag&post=2342"}],"curies":[{"name":"wp","href":"https:\/\/api.w.org\/{rel}","templated":true}]}}