{"id":2364,"date":"2024-01-31T21:39:09","date_gmt":"2024-01-31T20:39:09","guid":{"rendered":"https:\/\/vitorio.space\/?post_type=product&#038;p=2364"},"modified":"2024-02-07T16:04:57","modified_gmt":"2024-02-07T15:04:57","slug":"peletizadora-vt-200","status":"publish","type":"product","link":"https:\/\/vitorio.space\/?product=peletizadora-vt-200","title":{"rendered":"Peletizadora VT-200"},"content":{"rendered":"<h2><strong>Peletizadora<\/strong><\/h2>\n<p style=\"text-align: left;\">Peletizadora de alimentos o maquina granuladora, es un aparato que sirve para convertir un material en peque\u00f1as piezas redondas llamadas gr\u00e1nulos o pallets.<br \/>\nUtilizada en la producci\u00f3n de pellet para la alimentaci\u00f3n de conejos, camarones, ganado, caballos, pollos de engorde y crecimiento, as\u00ed como sirve en la elaboraci\u00f3n de croquetas de perro y gato.<br \/>\nLa maquina se puede adaptar a motor monof\u00e1sico de 5 HP, motor trif\u00e1sico de 7 HP, motor a gasolina de 13 HP y motor a diesel de 12 HP.<\/p>\n<p><strong>Caracter\u00edsticas de la peletizadora:<\/strong><br \/>\n1. Econ\u00f3mica, confiable y duradera.<br \/>\n2. F\u00e1cil de arrancar, duradero, de alta calidad.<br \/>\n3. Sellado mec\u00e1nico cer\u00e1mico de alta calidad.<br \/>\n4. Certificaci\u00f3n CE, CSA, EPA, ISO9001:2000 aprobada 2023.<br \/>\n5. Un a\u00f1o o 500 horas de garant\u00eda.<br \/>\nCalidad confiable, precio razonable, servicio deseable.<br \/>\nIncluye: cono de aluminio, rodillo y disco de matriz<\/p>\n<h2><strong>Caracter\u00edsticas\u00a0<\/strong><\/h2>\n<p>Producci\u00f3n: 200-250 Kg\/H<br \/>\nVoltaje: 220V\/380V\/ Gasolina<br \/>\nConsumo de energ\u00eda: 3-4 KW<br \/>\nAutonom\u00eda: 1.6 L\/H<br \/>\nCiclos de trabajo: 4-5 Horas<br \/>\nDi\u00e1metro final de pellet: 3-6 mm<br \/>\nPotencia del motor: 5 HP &#8220;Monof\u00e1sico&#8221;<br \/>\nPotencia del motor: 7 HP &#8220;Trif\u00e1sico&#8221;<br \/>\nPotencia del motor: 13 HP &#8220;Gasolina&#8221;<br \/>\nPotencia del motor: 12 HP &#8220;Diesel&#8221;<br \/>\nPeso aproximado: 75 Kg<\/p>\n","protected":false},"excerpt":{"rendered":"<p>Peletizadora Peletizadora de alimentos o maquina granuladora, es un aparato que sirve para convertir un material en peque\u00f1as piezas redondas llamadas gr\u00e1nulos o pallets. Utilizada en la producci\u00f3n de pellet para la alimentaci\u00f3n de conejos, camarones, ganado, caballos, pollos de engorde y crecimiento, as\u00ed como sirve en la elaboraci\u00f3n de croquetas de perro y gato. [&hellip;]<\/p>\n","protected":false},"featured_media":2365,"comment_status":"open","ping_status":"closed","template":"","meta":{"inline_featured_image":false},"product_cat":[88],"product_tag":[],"class_list":{"0":"post-2364","1":"product","2":"type-product","3":"status-publish","4":"has-post-thumbnail","6":"product_cat-peletizadora","8":"first","9":"instock","10":"shipping-taxable","11":"product-type-simple"},"_links":{"self":[{"href":"https:\/\/vitorio.space\/index.php?rest_route=\/wp\/v2\/product\/2364","targetHints":{"allow":["GET"]}}],"collection":[{"href":"https:\/\/vitorio.space\/index.php?rest_route=\/wp\/v2\/product"}],"about":[{"href":"https:\/\/vitorio.space\/index.php?rest_route=\/wp\/v2\/types\/product"}],"replies":[{"embeddable":true,"href":"https:\/\/vitorio.space\/index.php?rest_route=%2Fwp%2Fv2%2Fcomments&post=2364"}],"wp:featuredmedia":[{"embeddable":true,"href":"https:\/\/vitorio.space\/index.php?rest_route=\/wp\/v2\/media\/2365"}],"wp:attachment":[{"href":"https:\/\/vitorio.space\/index.php?rest_route=%2Fwp%2Fv2%2Fmedia&parent=2364"}],"wp:term":[{"taxonomy":"product_cat","embeddable":true,"href":"https:\/\/vitorio.space\/index.php?rest_route=%2Fwp%2Fv2%2Fproduct_cat&post=2364"},{"taxonomy":"product_tag","embeddable":true,"href":"https:\/\/vitorio.space\/index.php?rest_route=%2Fwp%2Fv2%2Fproduct_tag&post=2364"}],"curies":[{"name":"wp","href":"https:\/\/api.w.org\/{rel}","templated":true}]}}