{"id":2366,"date":"2024-01-31T23:10:26","date_gmt":"2024-01-31T22:10:26","guid":{"rendered":"https:\/\/vitorio.space\/?post_type=product&#038;p=2366"},"modified":"2024-01-31T23:51:42","modified_gmt":"2024-01-31T22:51:42","slug":"molino-sk-mo32","status":"publish","type":"product","link":"https:\/\/vitorio.space\/?product=molino-sk-mo32","title":{"rendered":"Molino SK-MO32"},"content":{"rendered":"<h2><strong>Molino<\/strong><\/h2>\n<p style=\"text-align: left;\">Molino de acero inoxidable, grado alimenticio, de ca\u00edda libre (despu\u00e9s del proceso de trituraci\u00f3n, el producto cae de la parte inferior del equipo).<br \/>\nMolino adaptable a motor monof\u00e1sico, trif\u00e1sico y\/o a gasolina. El cilindro de trituraci\u00f3n puede contar con 32 martillos, fijos, o bien, 36 martillos sueltos.<\/p>\n<p><strong>Caracter\u00edsticas del molino:<\/strong><br \/>\n1. Econ\u00f3mica, confiable y duradera.<br \/>\n2. F\u00e1cil de arrancar, duradero, de alta calidad.<br \/>\n3. Sellado mec\u00e1nico cer\u00e1mico de alta calidad.<br \/>\n4. Certificaci\u00f3n CE, CSA, EPA, ISO9001:2000 aprobada 2023.<br \/>\n5. Un a\u00f1o o 500 horas de garant\u00eda.<br \/>\nCalidad confiable, precio razonable, servicio deseable.<br \/>\nIncluye: arrancador de motor<\/p>\n<h2><strong>Caracter\u00edsticas\u00a0<\/strong><\/h2>\n<p>Material: Acero inoxidable<br \/>\nEspesor: 4 mm<br \/>\nPotencia del motor: 30 HP &#8220;Trif\u00e1sico&#8221;<br \/>\nPotencia del motor: 10 HP &#8220;Monof\u00e1sico&#8221;<br \/>\nPotencia del motor: 13 HP &#8220;Gasolina&#8221;<br \/>\nNumero de martillo: 32-36 martillos<\/p>\n","protected":false},"excerpt":{"rendered":"<p>Molino Molino de acero inoxidable, grado alimenticio, de ca\u00edda libre (despu\u00e9s del proceso de trituraci\u00f3n, el producto cae de la parte inferior del equipo). Molino adaptable a motor monof\u00e1sico, trif\u00e1sico y\/o a gasolina. El cilindro de trituraci\u00f3n puede contar con 32 martillos, fijos, o bien, 36 martillos sueltos. Caracter\u00edsticas del molino: 1. Econ\u00f3mica, confiable y [&hellip;]<\/p>\n","protected":false},"featured_media":2367,"comment_status":"open","ping_status":"closed","template":"","meta":{"inline_featured_image":false},"product_cat":[89],"product_tag":[],"class_list":{"0":"post-2366","1":"product","2":"type-product","3":"status-publish","4":"has-post-thumbnail","6":"product_cat-molino","8":"first","9":"instock","10":"shipping-taxable","11":"product-type-simple"},"_links":{"self":[{"href":"https:\/\/vitorio.space\/index.php?rest_route=\/wp\/v2\/product\/2366","targetHints":{"allow":["GET"]}}],"collection":[{"href":"https:\/\/vitorio.space\/index.php?rest_route=\/wp\/v2\/product"}],"about":[{"href":"https:\/\/vitorio.space\/index.php?rest_route=\/wp\/v2\/types\/product"}],"replies":[{"embeddable":true,"href":"https:\/\/vitorio.space\/index.php?rest_route=%2Fwp%2Fv2%2Fcomments&post=2366"}],"wp:featuredmedia":[{"embeddable":true,"href":"https:\/\/vitorio.space\/index.php?rest_route=\/wp\/v2\/media\/2367"}],"wp:attachment":[{"href":"https:\/\/vitorio.space\/index.php?rest_route=%2Fwp%2Fv2%2Fmedia&parent=2366"}],"wp:term":[{"taxonomy":"product_cat","embeddable":true,"href":"https:\/\/vitorio.space\/index.php?rest_route=%2Fwp%2Fv2%2Fproduct_cat&post=2366"},{"taxonomy":"product_tag","embeddable":true,"href":"https:\/\/vitorio.space\/index.php?rest_route=%2Fwp%2Fv2%2Fproduct_tag&post=2366"}],"curies":[{"name":"wp","href":"https:\/\/api.w.org\/{rel}","templated":true}]}}