{"id":2382,"date":"2024-06-15T17:18:30","date_gmt":"2024-06-15T15:18:30","guid":{"rendered":"https:\/\/vitorio.space\/?post_type=product&#038;p=2382"},"modified":"2024-06-17T03:12:00","modified_gmt":"2024-06-17T01:12:00","slug":"caracol-de-1-pulgada-r-g1","status":"publish","type":"product","link":"https:\/\/vitorio.space\/?product=caracol-de-1-pulgada-r-g1","title":{"rendered":"CARACOL DE 1 PULGADA R-G1"},"content":{"rendered":"<h3><strong>ESPECIFICACIONES TECNICAS<\/strong><\/h3>\n<p>Modelo: R-G1<br \/>\nTipo de motor: Gasolina y di\u00e9sel de 3 a 5 HP<br \/>\nGarant\u00eda: 3 a\u00f1os<br \/>\nEficiencia: Fabricados con eficiencia<br \/>\nRepuestos: Disponibles al 100%<br \/>\nCaudal de agua: 4500 litros por hora<br \/>\nAltura de elevaci\u00f3n: 25 metros<br \/>\nRevoluciones por minuto: 3800 a 4000<br \/>\nProfundidad de succi\u00f3n: 6 a 8 metros<\/p>\n<h3><strong>APLICACIONES<\/strong><\/h3>\n<p>\u2022 Riego agr\u00edcola.<br \/>\n\u2022 Drenaje de \u00e1reas inundadas.<br \/>\n\u2022 Abastecimiento de agua en zonas remotas.<br \/>\n\u2022 Aplicaciones industriales y de construcci\u00f3n.<\/p>\n","protected":false},"excerpt":{"rendered":"<p>ESPECIFICACIONES TECNICAS Modelo: R-G1 Tipo de motor: Gasolina y di\u00e9sel de 3 a 5 HP Garant\u00eda: 3 a\u00f1os Eficiencia: Fabricados con eficiencia Repuestos: Disponibles al 100% Caudal de agua: 4500 litros por hora Altura de elevaci\u00f3n: 25 metros Revoluciones por minuto: 3800 a 4000 Profundidad de succi\u00f3n: 6 a 8 metros APLICACIONES \u2022 Riego agr\u00edcola. [&hellip;]<\/p>\n","protected":false},"featured_media":2421,"comment_status":"open","ping_status":"closed","template":"","meta":{"inline_featured_image":false},"product_cat":[90],"product_tag":[],"class_list":{"0":"post-2382","1":"product","2":"type-product","3":"status-publish","4":"has-post-thumbnail","6":"product_cat-caracol","8":"first","9":"instock","10":"shipping-taxable","11":"product-type-simple"},"_links":{"self":[{"href":"https:\/\/vitorio.space\/index.php?rest_route=\/wp\/v2\/product\/2382","targetHints":{"allow":["GET"]}}],"collection":[{"href":"https:\/\/vitorio.space\/index.php?rest_route=\/wp\/v2\/product"}],"about":[{"href":"https:\/\/vitorio.space\/index.php?rest_route=\/wp\/v2\/types\/product"}],"replies":[{"embeddable":true,"href":"https:\/\/vitorio.space\/index.php?rest_route=%2Fwp%2Fv2%2Fcomments&post=2382"}],"wp:featuredmedia":[{"embeddable":true,"href":"https:\/\/vitorio.space\/index.php?rest_route=\/wp\/v2\/media\/2421"}],"wp:attachment":[{"href":"https:\/\/vitorio.space\/index.php?rest_route=%2Fwp%2Fv2%2Fmedia&parent=2382"}],"wp:term":[{"taxonomy":"product_cat","embeddable":true,"href":"https:\/\/vitorio.space\/index.php?rest_route=%2Fwp%2Fv2%2Fproduct_cat&post=2382"},{"taxonomy":"product_tag","embeddable":true,"href":"https:\/\/vitorio.space\/index.php?rest_route=%2Fwp%2Fv2%2Fproduct_tag&post=2382"}],"curies":[{"name":"wp","href":"https:\/\/api.w.org\/{rel}","templated":true}]}}