{"id":2394,"date":"2024-06-15T17:53:45","date_gmt":"2024-06-15T15:53:45","guid":{"rendered":"https:\/\/vitorio.space\/?post_type=product&#038;p=2394"},"modified":"2024-06-18T04:50:54","modified_gmt":"2024-06-18T02:50:54","slug":"motor-a-gasolina-rgg7","status":"publish","type":"product","link":"https:\/\/vitorio.space\/?product=motor-a-gasolina-rgg7","title":{"rendered":"MOTOR A GASOLINA RGG7"},"content":{"rendered":"<h3><strong>DESCRIPCION<\/strong><\/h3>\n<p>El motor a gasolina Raggio RGG7 es una potente soluci\u00f3n para una variedad de aplicaciones que requieren rendimiento y fiabilidad. Con un dise\u00f1o avanzado de sistema OHV (v\u00e1lvulas a la cabeza), este motor de 7.5 HP ofrece una garant\u00eda de 3 a\u00f1os y repuestos disponibles al 100%.<\/p>\n<h3><strong>ESPECIFICACIONES TECNICAS<\/strong><\/h3>\n<p>\u2022 Modelo: RGG7<br \/>\n\u2022 Tipo de Motor: Gasolina<br \/>\n\u2022 Garant\u00eda: 3 A\u00f1os<br \/>\n\u2022 Repuestos: Disponibles al 100%<br \/>\n\u2022 Revoluciones por Minuto: 3800 RPM<br \/>\n\u2022 Tipo de Motor: 4 Tiempos<br \/>\n\u2022 Sistema: OHV (v\u00e1lvulas a la cabeza)<br \/>\n\u2022 Alerta de Aceite<br \/>\n\u2022 Capacidad de Combustible: 3.6 Litros<br \/>\n\u2022 Cilindrada: 235 cc<\/p>\n","protected":false},"excerpt":{"rendered":"<h3><strong>APLICACIONES<\/strong><\/h3>\n<p>\u2022 Equipos de jardiner\u00eda y paisajismo<br \/>\n\u2022 Generadores port\u00e1tiles<br \/>\n\u2022 Equipos de construcci\u00f3n ligera<br \/>\n\u2022 Equipos agr\u00edcolas y de jardiner\u00eda<br \/>\n\u2022 Bombas de agua y sistemas de riego<\/p>\n","protected":false},"featured_media":2430,"comment_status":"open","ping_status":"closed","template":"","meta":{"inline_featured_image":false},"product_cat":[91],"product_tag":[],"class_list":{"0":"post-2394","1":"product","2":"type-product","3":"status-publish","4":"has-post-thumbnail","6":"product_cat-motor","8":"first","9":"instock","10":"shipping-taxable","11":"product-type-simple"},"_links":{"self":[{"href":"https:\/\/vitorio.space\/index.php?rest_route=\/wp\/v2\/product\/2394","targetHints":{"allow":["GET"]}}],"collection":[{"href":"https:\/\/vitorio.space\/index.php?rest_route=\/wp\/v2\/product"}],"about":[{"href":"https:\/\/vitorio.space\/index.php?rest_route=\/wp\/v2\/types\/product"}],"replies":[{"embeddable":true,"href":"https:\/\/vitorio.space\/index.php?rest_route=%2Fwp%2Fv2%2Fcomments&post=2394"}],"wp:featuredmedia":[{"embeddable":true,"href":"https:\/\/vitorio.space\/index.php?rest_route=\/wp\/v2\/media\/2430"}],"wp:attachment":[{"href":"https:\/\/vitorio.space\/index.php?rest_route=%2Fwp%2Fv2%2Fmedia&parent=2394"}],"wp:term":[{"taxonomy":"product_cat","embeddable":true,"href":"https:\/\/vitorio.space\/index.php?rest_route=%2Fwp%2Fv2%2Fproduct_cat&post=2394"},{"taxonomy":"product_tag","embeddable":true,"href":"https:\/\/vitorio.space\/index.php?rest_route=%2Fwp%2Fv2%2Fproduct_tag&post=2394"}],"curies":[{"name":"wp","href":"https:\/\/api.w.org\/{rel}","templated":true}]}}