{"id":2444,"date":"2026-04-23T01:46:56","date_gmt":"2026-04-22T23:46:56","guid":{"rendered":"https:\/\/vitorio.space\/?post_type=product&#038;p=2444"},"modified":"2026-04-23T01:46:56","modified_gmt":"2026-04-22T23:46:56","slug":"raggio-rg-240","status":"publish","type":"product","link":"https:\/\/vitorio.space\/?product=raggio-rg-240","title":{"rendered":"RAGGIO RG-240"},"content":{"rendered":"<h4><strong>CARACTERISTICAS<br \/>\n<\/strong><\/h4>\n<ul>\n<li>Motor de alto rendimiento con garantia de 3 a\u00f1os<\/li>\n<li>Cuerpo: Material resistente (pl\u00e1stico reforzado \/ met\u00e1lico)<\/li>\n<li>Boquilla: Alta durabilidad<\/li>\n<li>Accesorios incluidos: Mangueras, boquillas, kit b\u00e1sico<\/li>\n<li>Dise\u00f1o ergon\u00f3mico y port\u00e1til<\/li>\n<li>Bajo consumo de combustible<\/li>\n<li>Alta eficiencia en cobertura de pulverizaci\u00f3n<\/li>\n<\/ul>\n<h4><strong>ESPECIFICACIONES TECNICAS<\/p>\n<p><\/strong><\/h4>\n<ul>\n<li>Tipo de motor: 4 tiempos (sello de fabrica en motor)<\/li>\n<li>Sistema de v\u00e1lvulas: OHV<\/li>\n<li>Potencia del motor: 2 hp (40cc)<\/li>\n<li>Capacidad de combustible: 900 ml<\/li>\n<li>Presi\u00f3n de trabajo: 500 psi<\/li>\n<li>Tipo de arranque: manual con cuerda retractil<\/li>\n<li>Capacidad de aceite: 10 ml<\/li>\n<li>Cilindrada: 40 cc<\/li>\n<\/ul>\n<h4><strong>ESPECIFICACIONES TECNICAS<br \/>\n<\/strong><\/h4>\n<p>Agricultura (fumigaci\u00f3n de cultivos)<br \/>\nControl de plagas<br \/>\nDesinfecci\u00f3n de espacios<br \/>\nUso en jardines y viveros<br \/>\nAplicaci\u00f3n de fertilizantes l\u00edquidos<\/p>\n","protected":false},"excerpt":{"rendered":"<h3><strong>DESCRIPCCION<\/strong><\/h3>\n<p>La motofumigadora <strong>RG-240<\/strong> es un equipo port\u00e1til de alto rendimiento con ISO 9001, ISO 14001 origen ITALIA (via fabio filzi,via G tiraboschi) dise\u00f1ado para la pulverizaci\u00f3n eficiente de l\u00edquidos en actividades agr\u00edcolas, sanitarias y de control de plagas. Su motor potente y su sistema de pulverizaci\u00f3n permiten una aplicaci\u00f3n uniforme, optimizando el uso de productos qu\u00edmicos y reduciendo el tiempo de trabajo.<\/p>\n","protected":false},"featured_media":2445,"comment_status":"open","ping_status":"closed","template":"","meta":{"inline_featured_image":false},"product_cat":[79],"product_tag":[],"class_list":{"0":"post-2444","1":"product","2":"type-product","3":"status-publish","4":"has-post-thumbnail","6":"product_cat-motofumigadores","8":"first","9":"instock","10":"shipping-taxable","11":"product-type-simple"},"_links":{"self":[{"href":"https:\/\/vitorio.space\/index.php?rest_route=\/wp\/v2\/product\/2444","targetHints":{"allow":["GET"]}}],"collection":[{"href":"https:\/\/vitorio.space\/index.php?rest_route=\/wp\/v2\/product"}],"about":[{"href":"https:\/\/vitorio.space\/index.php?rest_route=\/wp\/v2\/types\/product"}],"replies":[{"embeddable":true,"href":"https:\/\/vitorio.space\/index.php?rest_route=%2Fwp%2Fv2%2Fcomments&post=2444"}],"wp:featuredmedia":[{"embeddable":true,"href":"https:\/\/vitorio.space\/index.php?rest_route=\/wp\/v2\/media\/2445"}],"wp:attachment":[{"href":"https:\/\/vitorio.space\/index.php?rest_route=%2Fwp%2Fv2%2Fmedia&parent=2444"}],"wp:term":[{"taxonomy":"product_cat","embeddable":true,"href":"https:\/\/vitorio.space\/index.php?rest_route=%2Fwp%2Fv2%2Fproduct_cat&post=2444"},{"taxonomy":"product_tag","embeddable":true,"href":"https:\/\/vitorio.space\/index.php?rest_route=%2Fwp%2Fv2%2Fproduct_tag&post=2444"}],"curies":[{"name":"wp","href":"https:\/\/api.w.org\/{rel}","templated":true}]}}