{"id":2446,"date":"2026-04-23T01:53:54","date_gmt":"2026-04-22T23:53:54","guid":{"rendered":"https:\/\/vitorio.space\/?post_type=product&#038;p=2446"},"modified":"2026-04-23T01:53:54","modified_gmt":"2026-04-22T23:53:54","slug":"rg-300mc","status":"publish","type":"product","link":"https:\/\/vitorio.space\/?product=rg-300mc","title":{"rendered":"RG-300MC"},"content":{"rendered":"<h3><strong>CARACTERISTICAS<\/strong><\/h3>\n<ul>\n<li>Sistema de pulverizaci\u00f3n de alta eficiencia<\/li>\n<li>Multifuncional con acelerador integrado<\/li>\n<li>Rejillas intercambiables para distintos tipos de aplicaci\u00f3n<\/li>\n<li>Aplicaci\u00f3n uniforme en forma de niebla o l\u00edquido<\/li>\n<li>Equipo port\u00e1til y de f\u00e1cil manejo<\/li>\n<li>Ideal para uso agr\u00edcola intensivo<\/li>\n<li>Sello seco de f\u00e1brica para mayor durabilidad<\/li>\n<li>Juego de herramientas<\/li>\n<li>Rejillas intercambiables<\/li>\n<li>Sistema de pulverizaci\u00f3n tipo ca\u00f1\u00f3n<\/li>\n<\/ul>\n<h3><strong>ESPECIFICACIONES TECNICAS<\/strong><\/h3>\n<p>&nbsp;<\/p>\n<ul>\n<li>Motor: 3.5 HP (motor 2 tiempos sello de fabrica)<\/li>\n<li>Cilindrada: 57 cc<\/li>\n<li>Flujo de salida: 4 L\/min<\/li>\n<li>Revoluciones: 13,000 rpm<\/li>\n<li>Alcance horizontal: 12 m<\/li>\n<li>Capacidad del tanque qu\u00edmico: 14 litros<\/li>\n<li>Capacidad combustible: 1.5 litros<\/li>\n<li>Tipo de combustible: Mezcla<\/li>\n<li>Peso: 12 kg<\/li>\n<li>Tipo de pulverizador: Ca\u00f1\u00f3n<\/li>\n<\/ul>\n<h3><strong>APLICACI\u00d3N<\/strong><\/h3>\n<p>&nbsp;<\/p>\n<p>Aplicaci\u00f3n de herbicidas<br \/>\nFumigaci\u00f3n con pesticidas<br \/>\nUso de fertilizantes l\u00edquidos<br \/>\nControl de plagas y enfermedades<br \/>\nAgricultura en zonas rurales y de monta\u00f1a<br \/>\nViveros y cultivos especializados<\/p>\n","protected":false},"excerpt":{"rendered":"<p>La pulverizadora Raggio RG-300MC de 14 litros es un equipo agr\u00edcola multifuncional con ISO 9001, ISO 14001 origen ITALIA (via fabio filzi, ,via G tiraboschi) dise\u00f1ado para la aplicaci\u00f3n eficiente de productos qu\u00edmicos en cultivos. Gracias a su sistema de pulverizaci\u00f3n de alta precisi\u00f3n, permite distribuir l\u00edquidos en forma uniforme, optimizando el uso de insumos y mejorando el control de plagas, enfermedades y fertilizaci\u00f3n.<\/p>\n","protected":false},"featured_media":2447,"comment_status":"open","ping_status":"closed","template":"","meta":{"inline_featured_image":false},"product_cat":[15],"product_tag":[],"class_list":{"0":"post-2446","1":"product","2":"type-product","3":"status-publish","4":"has-post-thumbnail","6":"product_cat-uncategorized","8":"first","9":"instock","10":"shipping-taxable","11":"product-type-simple"},"_links":{"self":[{"href":"https:\/\/vitorio.space\/index.php?rest_route=\/wp\/v2\/product\/2446","targetHints":{"allow":["GET"]}}],"collection":[{"href":"https:\/\/vitorio.space\/index.php?rest_route=\/wp\/v2\/product"}],"about":[{"href":"https:\/\/vitorio.space\/index.php?rest_route=\/wp\/v2\/types\/product"}],"replies":[{"embeddable":true,"href":"https:\/\/vitorio.space\/index.php?rest_route=%2Fwp%2Fv2%2Fcomments&post=2446"}],"wp:featuredmedia":[{"embeddable":true,"href":"https:\/\/vitorio.space\/index.php?rest_route=\/wp\/v2\/media\/2447"}],"wp:attachment":[{"href":"https:\/\/vitorio.space\/index.php?rest_route=%2Fwp%2Fv2%2Fmedia&parent=2446"}],"wp:term":[{"taxonomy":"product_cat","embeddable":true,"href":"https:\/\/vitorio.space\/index.php?rest_route=%2Fwp%2Fv2%2Fproduct_cat&post=2446"},{"taxonomy":"product_tag","embeddable":true,"href":"https:\/\/vitorio.space\/index.php?rest_route=%2Fwp%2Fv2%2Fproduct_tag&post=2446"}],"curies":[{"name":"wp","href":"https:\/\/api.w.org\/{rel}","templated":true}]}}